{"id":882,"date":"2016-03-20T11:02:26","date_gmt":"2016-03-20T09:02:26","guid":{"rendered":"http:\/\/www.nauvonkamarimusiikki.fi\/?page_id=882"},"modified":"2017-05-03T09:04:00","modified_gmt":"2017-05-03T06:04:00","slug":"konsertit-2016","status":"publish","type":"page","link":"https:\/\/www.nauvonkamarimusiikki.fi\/?page_id=882","title":{"rendered":"Konsertit 2017"},"content":{"rendered":"<p>&nbsp;<\/p>\n<p>&nbsp;<\/p>\n<table border=\"0\">\n<tbody>\n<tr>\n<td style=\"width: 80px;\"><strong>Aika<\/strong><\/td>\n<td><strong>Konsertti<\/strong><\/td>\n<td><strong>Paikka<\/strong><\/td>\n<\/tr>\n<tr>\n<td style=\"width: 80px;\"><strong>torstai<\/strong><br \/>\n<strong> 6.7.2017<\/strong><br \/>\n<strong> klo 18.00<\/strong><\/td>\n<td><strong>Avajaiskonsertti<\/strong><\/p>\n<p>Angelika Klas, sopraano<br \/>\nRoope Gr\u00f6ndahl, piano<\/p>\n<p>J. Sibelius, T. Kuula, O. Merikanto, E. Melartin ja W. Stenhammar<br \/>\nLiput: 20 \u20ac | el\u00e4kel\u00e4iset, opiskelijat ja varusmiehet 15 \u20ac |alle 18 v. ilmaiseksi<\/td>\n<td><strong>Nauvon kirkko<\/strong><\/td>\n<\/tr>\n<tr>\n<td style=\"width: 80px;\"><strong>perjantai<\/strong><br \/>\n<strong> 7.7.2017<\/strong><strong>klo 18.00<\/strong><\/td>\n<td><strong>Schwanin soinnin lumoa<\/strong><\/p>\n<p>Tomi Satomaa, urut<\/p>\n<p>J. S. Bach,\u00a0A. P\u00e4rt, A. Maasalo, S. Carlsson, K.-E. Gustafsson<\/p>\n<p>Liput: 20 \u20ac | el\u00e4kel\u00e4iset, opiskelijat ja varusmiehet 15 \u20ac |alle 18 v. ilmaiseksi<\/td>\n<td>\u00a0<strong>Nauvon kirkko<\/strong><\/td>\n<\/tr>\n<tr>\n<td style=\"width: 80px;\"><strong>lauantai<\/strong><br \/>\n<strong> 8.7.2017<\/strong><br \/>\n<strong> klo 14.00<\/strong><\/td>\n<td><strong>Ur kamarn<\/strong><\/p>\n<p>Nauvon kamarimusiikkip\u00e4ivien taiteilijat musisoivat yhdess\u00e4 saariston nuorten musiikinopiskelijoiden kanssa.<\/p>\n<p>Vapaa p\u00e4\u00e4sy<\/td>\n<td><strong>Ravintola L&#8217;Escalen grillikatos<\/strong><\/td>\n<\/tr>\n<tr>\n<td style=\"width: 80px;\"><strong>lauantai<\/strong><br \/>\n<strong> 8.7.2017<\/strong><br \/>\n<strong> klo 18.00<\/strong><\/td>\n<td><strong>Musiikin Titaanit<\/strong><\/p>\n<p>Ludvig van Beethoven: Pianotrio op.97 \u201dArkkiherttua\u201d<\/p>\n<p>Edvard Grieg: Jousikvartetto g-molli<\/p>\n<p>&nbsp;<\/p>\n<p>Roope Gr\u00f6ndahl, piano<\/p>\n<p>Mikaela Palmu, viulu<\/p>\n<p>Laura Vikman, viulu<\/p>\n<p>Hanna Pakkala, alttoviulu<\/p>\n<p>Erkki Lahesmaa, sello<\/p>\n<p>&nbsp;<\/p>\n<p>Liput: 20 \u20ac | el\u00e4kel\u00e4iset, opiskelijat ja varusmiehet 15 \u20ac |alle 18 v. ilmaiseksi<\/td>\n<td><strong>Nauvon kirkko<\/strong><\/td>\n<\/tr>\n<tr>\n<td style=\"width: 80px;\"><strong>sunnuntai<\/strong><br \/>\n<strong> 9.7.2017<\/strong><br \/>\n<strong> klo 18.00<\/strong><\/td>\n<td><strong>P\u00e4\u00e4t\u00f6skonsertti<\/strong><\/p>\n<p>Edvard Grieg: Pianokappaleita<\/p>\n<p>Edvard Grieg: Viulusonaatti\u00a0 c-molli<\/p>\n<p>C\u00e9sar Franck: Pianokvintetto f-molli<\/p>\n<p>&nbsp;<\/p>\n<p>Roope Gr\u00f6ndahl, piano<\/p>\n<p>Mikaela Palmu, viulu<\/p>\n<p>Laura Vikman, viulu<\/p>\n<p>Hanna Pakkala, alttoviulu<\/p>\n<p>Erkki Lahesmaa, sello<\/p>\n<p>&nbsp;<\/p>\n<p>Liput: 20 \u20ac | el\u00e4kel\u00e4iset, opiskelijat ja varusmiehet 15 \u20ac |alle 18 v. ilmaiseksi<\/td>\n<td><strong>Nauvon kirkko<br \/>\n<\/strong><\/td>\n<\/tr>\n<\/tbody>\n<\/table>\n<p><img fetchpriority=\"high\" decoding=\"async\" class=\"size-full wp-image-1043 alignleft\" src=\"http:\/\/www.nauvonkamarimusiikki.fi\/wordpress\/wp-content\/uploads\/2016\/03\/merimaisema1.jpg\" alt=\"merimaisema1\" width=\"1023\" height=\"387\" srcset=\"https:\/\/www.nauvonkamarimusiikki.fi\/wordpress\/wp-content\/uploads\/2016\/03\/merimaisema1.jpg 1023w, https:\/\/www.nauvonkamarimusiikki.fi\/wordpress\/wp-content\/uploads\/2016\/03\/merimaisema1-300x113.jpg 300w, https:\/\/www.nauvonkamarimusiikki.fi\/wordpress\/wp-content\/uploads\/2016\/03\/merimaisema1-768x291.jpg 768w\" sizes=\"(max-width: 1023px) 100vw, 1023px\" \/><\/p>\n","protected":false},"excerpt":{"rendered":"<p>&nbsp; &nbsp; Aika Konsertti Paikka torstai 6.7.2017 klo 18.00 Avajaiskonsertti Angelika Klas, sopraano Roope Gr\u00f6ndahl, piano J. Sibelius, T. Kuula, O. Merikanto, E. Melartin ja W. Stenhammar Liput: 20 \u20ac | el\u00e4kel\u00e4iset, opiskelijat ja varusmiehet 15 \u20ac |alle 18 v. ilmaiseksi Nauvon kirkko perjantai 7.7.2017klo 18.00 Schwanin soinnin lumoa Tomi Satomaa, urut J. S. Bach,\u00a0A.&hellip; <br \/> <a class=\"read-more\" href=\"https:\/\/www.nauvonkamarimusiikki.fi\/?page_id=882\">Read more<\/a><\/p>\n","protected":false},"author":1,"featured_media":0,"parent":0,"menu_order":0,"comment_status":"closed","ping_status":"closed","template":"","meta":{"footnotes":""},"class_list":["post-882","page","type-page","status-publish","hentry"],"_links":{"self":[{"href":"https:\/\/www.nauvonkamarimusiikki.fi\/index.php?rest_route=\/wp\/v2\/pages\/882","targetHints":{"allow":["GET"]}}],"collection":[{"href":"https:\/\/www.nauvonkamarimusiikki.fi\/index.php?rest_route=\/wp\/v2\/pages"}],"about":[{"href":"https:\/\/www.nauvonkamarimusiikki.fi\/index.php?rest_route=\/wp\/v2\/types\/page"}],"author":[{"embeddable":true,"href":"https:\/\/www.nauvonkamarimusiikki.fi\/index.php?rest_route=\/wp\/v2\/users\/1"}],"replies":[{"embeddable":true,"href":"https:\/\/www.nauvonkamarimusiikki.fi\/index.php?rest_route=%2Fwp%2Fv2%2Fcomments&post=882"}],"version-history":[{"count":32,"href":"https:\/\/www.nauvonkamarimusiikki.fi\/index.php?rest_route=\/wp\/v2\/pages\/882\/revisions"}],"predecessor-version":[{"id":1309,"href":"https:\/\/www.nauvonkamarimusiikki.fi\/index.php?rest_route=\/wp\/v2\/pages\/882\/revisions\/1309"}],"wp:attachment":[{"href":"https:\/\/www.nauvonkamarimusiikki.fi\/index.php?rest_route=%2Fwp%2Fv2%2Fmedia&parent=882"}],"curies":[{"name":"wp","href":"https:\/\/api.w.org\/{rel}","templated":true}]}}