{"id":88,"date":"2013-05-15T17:20:58","date_gmt":"2013-05-15T14:20:58","guid":{"rendered":"http:\/\/www.nauvonkamarimusiikki.fi\/wordpress\/?page_id=88"},"modified":"2017-04-04T10:46:05","modified_gmt":"2017-04-04T07:46:05","slug":"cv-mikaela-palmu","status":"publish","type":"page","link":"https:\/\/www.nauvonkamarimusiikki.fi\/?page_id=88","title":{"rendered":"CV &#8211; Mikaela Palmu"},"content":{"rendered":"<p><img fetchpriority=\"high\" decoding=\"async\" class=\"size-medium wp-image-89 alignleft\" src=\"http:\/\/www.nauvonkamarimusiikki.fi\/wordpress\/wp-content\/uploads\/2013\/05\/Palmu_pienennetty-201x300.jpg\" alt=\"Mikaela Palmu\" width=\"201\" height=\"300\" srcset=\"https:\/\/www.nauvonkamarimusiikki.fi\/wordpress\/wp-content\/uploads\/2013\/05\/Palmu_pienennetty-201x300.jpg 201w, https:\/\/www.nauvonkamarimusiikki.fi\/wordpress\/wp-content\/uploads\/2013\/05\/Palmu_pienennetty.jpg 267w\" sizes=\"(max-width: 201px) 100vw, 201px\" \/>Mikaela Palmu aloitti viulunsoiton opinnot Turun Konservatoriossa Tiina Hanhisen johdolla, ja jatkoi Sibelius-Akatemian nuoriso-osastolle 12-vuotiaana. Siell\u00e4 h\u00e4nen opettajinaan toimivat ensiksi Jaana Haanter\u00e4 ja my\u00f6hemmin Igor Bezrodnyi sek\u00e4 Erkki Kantola. Palmu on aktiivinen kamarimuusikko ja toimii konserttimestarina lukuisissa eri kokoonpanoissa. T\u00e4ll\u00e4 hetkell\u00e4 h\u00e4n toimii freelance- muusikkona. T\u00e4t\u00e4 ennen h\u00e4n oli kiinnitettyn\u00e4 Suomen kansallisoopperan orkesteriin vuosina 1994-2008, miss\u00e4 h\u00e4n toimi \u00a0suurimman osan ajasta 3. konserttimestarina ja Turun filharmoniseen orkesteriin vuosina 2008-2004, jossa h\u00e4n toimi 1.viulun \u00e4\u00e4nenjohtajana\/vuorottelevana konserttimestarina. T\u00e4ll\u00e4 hetkell\u00e4 h\u00e4n soittaa Radion sinfoniaorkesterissa. Viihdemusiikki on my\u00f6s l\u00e4hell\u00e4 Palmun syd\u00e4nt\u00e4 ja h\u00e4n on ollutkin Vantaan viihdeorkesterin konserttimestari vuodesta 2014 l\u00e4htien, ja sit\u00e4 kautta tuttu n\u00e4ky monissa tv-ohjelmissa ja isoissa viihdeorkesterin kokoonpanoissa.<\/p>\n","protected":false},"excerpt":{"rendered":"<p>Mikaela Palmu aloitti viulunsoiton opinnot Turun Konservatoriossa Tiina Hanhisen johdolla, ja jatkoi Sibelius-Akatemian nuoriso-osastolle 12-vuotiaana. Siell\u00e4 h\u00e4nen opettajinaan toimivat ensiksi Jaana Haanter\u00e4 ja my\u00f6hemmin Igor Bezrodnyi sek\u00e4 Erkki Kantola. Palmu on aktiivinen kamarimuusikko ja toimii konserttimestarina lukuisissa eri kokoonpanoissa. T\u00e4ll\u00e4 hetkell\u00e4 h\u00e4n toimii freelance- muusikkona. T\u00e4t\u00e4 ennen h\u00e4n oli kiinnitettyn\u00e4 Suomen kansallisoopperan orkesteriin vuosina 1994-2008,&hellip; <br \/> <a class=\"read-more\" href=\"https:\/\/www.nauvonkamarimusiikki.fi\/?page_id=88\">Read more<\/a><\/p>\n","protected":false},"author":1,"featured_media":0,"parent":0,"menu_order":0,"comment_status":"closed","ping_status":"open","template":"","meta":{"footnotes":""},"class_list":["post-88","page","type-page","status-publish","hentry"],"_links":{"self":[{"href":"https:\/\/www.nauvonkamarimusiikki.fi\/index.php?rest_route=\/wp\/v2\/pages\/88","targetHints":{"allow":["GET"]}}],"collection":[{"href":"https:\/\/www.nauvonkamarimusiikki.fi\/index.php?rest_route=\/wp\/v2\/pages"}],"about":[{"href":"https:\/\/www.nauvonkamarimusiikki.fi\/index.php?rest_route=\/wp\/v2\/types\/page"}],"author":[{"embeddable":true,"href":"https:\/\/www.nauvonkamarimusiikki.fi\/index.php?rest_route=\/wp\/v2\/users\/1"}],"replies":[{"embeddable":true,"href":"https:\/\/www.nauvonkamarimusiikki.fi\/index.php?rest_route=%2Fwp%2Fv2%2Fcomments&post=88"}],"version-history":[{"count":5,"href":"https:\/\/www.nauvonkamarimusiikki.fi\/index.php?rest_route=\/wp\/v2\/pages\/88\/revisions"}],"predecessor-version":[{"id":1300,"href":"https:\/\/www.nauvonkamarimusiikki.fi\/index.php?rest_route=\/wp\/v2\/pages\/88\/revisions\/1300"}],"wp:attachment":[{"href":"https:\/\/www.nauvonkamarimusiikki.fi\/index.php?rest_route=%2Fwp%2Fv2%2Fmedia&parent=88"}],"curies":[{"name":"wp","href":"https:\/\/api.w.org\/{rel}","templated":true}]}}