{"id":5924,"date":"2024-06-30T14:50:29","date_gmt":"2024-06-30T11:50:29","guid":{"rendered":"https:\/\/www.nauvonkamarimusiikki.fi\/?page_id=5924"},"modified":"2024-06-30T14:51:18","modified_gmt":"2024-06-30T11:51:18","slug":"josefin-sundstrom","status":"publish","type":"page","link":"https:\/\/www.nauvonkamarimusiikki.fi\/?page_id=5924","title":{"rendered":"Josefin Sundstr\u00f6m"},"content":{"rendered":"\t\t<div data-elementor-type=\"wp-page\" data-elementor-id=\"5924\" class=\"elementor elementor-5924\">\n\t\t\t\t\t\t<section class=\"elementor-section elementor-top-section elementor-element elementor-element-afaf515 elementor-section-boxed elementor-section-height-default elementor-section-height-default\" data-id=\"afaf515\" data-element_type=\"section\" data-e-type=\"section\">\n\t\t\t\t\t\t<div class=\"elementor-container elementor-column-gap-default\">\n\t\t\t\t\t<div class=\"elementor-column elementor-col-66 elementor-top-column elementor-element elementor-element-4464754\" data-id=\"4464754\" data-element_type=\"column\" data-e-type=\"column\">\n\t\t\t<div class=\"elementor-widget-wrap elementor-element-populated\">\n\t\t\t\t\t\t<div class=\"elementor-element elementor-element-5abf056 elementor-widget elementor-widget-text-editor\" data-id=\"5abf056\" data-element_type=\"widget\" data-e-type=\"widget\" data-widget_type=\"text-editor.default\">\n\t\t\t\t<div class=\"elementor-widget-container\">\n\t\t\t\t\t\t\t\t\t<p><b>Josefin Sundstr\u00f6m<\/b><span style=\"font-weight: 400;\"> on kotoisin Nauvosta, ja h\u00e4n valmistui urkuriksi Malm\u00f6n musiikkikorkeakoulusta vuonna 2022. Opintojensa aikana h\u00e4n on ollut mm. Mats Hultqvistin, Hans Hellstenin ja Anders Johnsonin oppilaana. H\u00e4n on my\u00f6s k\u00e4ynyt usealla kansainv\u00e4listen opettajien, mm. Kimberly Marshallin (USA), Petur Sakarin (FI) ja Bine Bryndorfin (DK) mestarikursseilla.<\/span><\/p><p><span style=\"font-weight: 400;\">Opinton\u00e4ytteess\u00e4\u00e4n Josefin painotti syrj\u00e4\u00e4n j\u00e4\u00e4neiden s\u00e4velt\u00e4jien teosten esitt\u00e4misen t\u00e4rkeytt\u00e4, ja on valinnut ohjelmistoonsa naisten s\u00e4velt\u00e4m\u00e4\u00e4 musiikkia.<\/span><\/p><p><span style=\"font-weight: 400;\">T\u00e4ll\u00e4 hetkell\u00e4 Sundstr\u00f6m toimii urkurina Husien seurakunnassa Malm\u00f6ss\u00e4, jossa h\u00e4n toimii usean kuoron taiteellisena johtajana ja on aktiivinen osa seurakunnan musiikkiel\u00e4m\u00e4\u00e4.<\/span><\/p>\t\t\t\t\t\t\t\t<\/div>\n\t\t\t\t<\/div>\n\t\t\t\t\t<\/div>\n\t\t<\/div>\n\t\t\t\t<div class=\"elementor-column elementor-col-33 elementor-top-column elementor-element elementor-element-98f0630\" data-id=\"98f0630\" data-element_type=\"column\" data-e-type=\"column\">\n\t\t\t<div class=\"elementor-widget-wrap elementor-element-populated\">\n\t\t\t\t\t\t<div class=\"elementor-element elementor-element-ce09181 elementor-widget elementor-widget-image\" data-id=\"ce09181\" data-element_type=\"widget\" data-e-type=\"widget\" data-widget_type=\"image.default\">\n\t\t\t\t<div class=\"elementor-widget-container\">\n\t\t\t\t\t\t\t\t\t\t\t\t\t\t\t<img fetchpriority=\"high\" decoding=\"async\" width=\"771\" height=\"1024\" src=\"https:\/\/www.nauvonkamarimusiikki.fi\/wordpress\/wp-content\/uploads\/2024\/06\/Josefin-Sundstrom_bild-771x1024.jpg\" class=\"attachment-large size-large wp-image-5743\" alt=\"\" srcset=\"https:\/\/www.nauvonkamarimusiikki.fi\/wordpress\/wp-content\/uploads\/2024\/06\/Josefin-Sundstrom_bild-771x1024.jpg 771w, https:\/\/www.nauvonkamarimusiikki.fi\/wordpress\/wp-content\/uploads\/2024\/06\/Josefin-Sundstrom_bild-226x300.jpg 226w, https:\/\/www.nauvonkamarimusiikki.fi\/wordpress\/wp-content\/uploads\/2024\/06\/Josefin-Sundstrom_bild-768x1020.jpg 768w, https:\/\/www.nauvonkamarimusiikki.fi\/wordpress\/wp-content\/uploads\/2024\/06\/Josefin-Sundstrom_bild-1157x1536.jpg 1157w, https:\/\/www.nauvonkamarimusiikki.fi\/wordpress\/wp-content\/uploads\/2024\/06\/Josefin-Sundstrom_bild-1024x1360.jpg 1024w, https:\/\/www.nauvonkamarimusiikki.fi\/wordpress\/wp-content\/uploads\/2024\/06\/Josefin-Sundstrom_bild-813x1080.jpg 813w, https:\/\/www.nauvonkamarimusiikki.fi\/wordpress\/wp-content\/uploads\/2024\/06\/Josefin-Sundstrom_bild.jpg 1536w\" sizes=\"(max-width: 771px) 100vw, 771px\" \/>\t\t\t\t\t\t\t\t\t\t\t\t\t\t\t<\/div>\n\t\t\t\t<\/div>\n\t\t\t\t\t<\/div>\n\t\t<\/div>\n\t\t\t\t\t<\/div>\n\t\t<\/section>\n\t\t\t\t<\/div>\n\t\t","protected":false},"excerpt":{"rendered":"<p>Josefin Sundstr\u00f6m on kotoisin Nauvosta, ja h\u00e4n valmistui urkuriksi Malm\u00f6n musiikkikorkeakoulusta vuonna 2022. Opintojensa aikana h\u00e4n on ollut mm. Mats Hultqvistin, Hans Hellstenin ja Anders Johnsonin oppilaana. H\u00e4n on my\u00f6s k\u00e4ynyt usealla kansainv\u00e4listen opettajien, mm. Kimberly Marshallin (USA), Petur Sakarin (FI) ja Bine Bryndorfin (DK) mestarikursseilla. Opinton\u00e4ytteess\u00e4\u00e4n Josefin painotti syrj\u00e4\u00e4n j\u00e4\u00e4neiden s\u00e4velt\u00e4jien teosten esitt\u00e4misen t\u00e4rkeytt\u00e4,&hellip; <br \/> <a class=\"read-more\" href=\"https:\/\/www.nauvonkamarimusiikki.fi\/?page_id=5924\">Read more<\/a><\/p>\n","protected":false},"author":1,"featured_media":0,"parent":0,"menu_order":0,"comment_status":"closed","ping_status":"closed","template":"","meta":{"footnotes":""},"class_list":["post-5924","page","type-page","status-publish","hentry"],"_links":{"self":[{"href":"https:\/\/www.nauvonkamarimusiikki.fi\/index.php?rest_route=\/wp\/v2\/pages\/5924","targetHints":{"allow":["GET"]}}],"collection":[{"href":"https:\/\/www.nauvonkamarimusiikki.fi\/index.php?rest_route=\/wp\/v2\/pages"}],"about":[{"href":"https:\/\/www.nauvonkamarimusiikki.fi\/index.php?rest_route=\/wp\/v2\/types\/page"}],"author":[{"embeddable":true,"href":"https:\/\/www.nauvonkamarimusiikki.fi\/index.php?rest_route=\/wp\/v2\/users\/1"}],"replies":[{"embeddable":true,"href":"https:\/\/www.nauvonkamarimusiikki.fi\/index.php?rest_route=%2Fwp%2Fv2%2Fcomments&post=5924"}],"version-history":[{"count":4,"href":"https:\/\/www.nauvonkamarimusiikki.fi\/index.php?rest_route=\/wp\/v2\/pages\/5924\/revisions"}],"predecessor-version":[{"id":5930,"href":"https:\/\/www.nauvonkamarimusiikki.fi\/index.php?rest_route=\/wp\/v2\/pages\/5924\/revisions\/5930"}],"wp:attachment":[{"href":"https:\/\/www.nauvonkamarimusiikki.fi\/index.php?rest_route=%2Fwp%2Fv2%2Fmedia&parent=5924"}],"curies":[{"name":"wp","href":"https:\/\/api.w.org\/{rel}","templated":true}]}}