{"id":4522,"date":"2020-03-08T08:53:22","date_gmt":"2020-03-08T06:53:22","guid":{"rendered":"https:\/\/www.nauvonkamarimusiikki.fi\/?page_id=4522"},"modified":"2024-06-30T14:16:54","modified_gmt":"2024-06-30T11:16:54","slug":"abel-puustinen","status":"publish","type":"page","link":"https:\/\/www.nauvonkamarimusiikki.fi\/?page_id=4522&lang=sv","title":{"rendered":"Abel Puustinen"},"content":{"rendered":"\t\t<div data-elementor-type=\"wp-post\" data-elementor-id=\"4522\" class=\"elementor elementor-4522 elementor-3247\">\n\t\t\t\t\t\t<section class=\"elementor-section elementor-top-section elementor-element elementor-element-53dac6d elementor-section-boxed elementor-section-height-default elementor-section-height-default\" data-id=\"53dac6d\" data-element_type=\"section\" data-e-type=\"section\">\n\t\t\t\t\t\t<div class=\"elementor-container elementor-column-gap-default\">\n\t\t\t\t\t<div class=\"elementor-column elementor-col-33 elementor-top-column elementor-element elementor-element-85ea321\" data-id=\"85ea321\" data-element_type=\"column\" data-e-type=\"column\">\n\t\t\t<div class=\"elementor-widget-wrap elementor-element-populated\">\n\t\t\t\t\t\t<div class=\"elementor-element elementor-element-f315364 animated-slow elementor-widget elementor-widget-image\" data-id=\"f315364\" data-element_type=\"widget\" data-e-type=\"widget\" data-settings=\"{&quot;_animation&quot;:&quot;none&quot;,&quot;_animation_delay&quot;:1600}\" data-widget_type=\"image.default\">\n\t\t\t\t<div class=\"elementor-widget-container\">\n\t\t\t\t\t\t\t\t\t\t\t\t\t\t\t<img fetchpriority=\"high\" decoding=\"async\" width=\"768\" height=\"512\" src=\"https:\/\/www.nauvonkamarimusiikki.fi\/wordpress\/wp-content\/uploads\/2020\/03\/Abel-headshot-\u00a9JuliaWesely-_muokattus-768x512.jpg\" class=\"attachment-medium_large size-medium_large wp-image-3236\" alt=\"\" srcset=\"https:\/\/www.nauvonkamarimusiikki.fi\/wordpress\/wp-content\/uploads\/2020\/03\/Abel-headshot-\u00a9JuliaWesely-_muokattus-768x512.jpg 768w, https:\/\/www.nauvonkamarimusiikki.fi\/wordpress\/wp-content\/uploads\/2020\/03\/Abel-headshot-\u00a9JuliaWesely-_muokattus-300x200.jpg 300w, https:\/\/www.nauvonkamarimusiikki.fi\/wordpress\/wp-content\/uploads\/2020\/03\/Abel-headshot-\u00a9JuliaWesely-_muokattus-1024x683.jpg 1024w, https:\/\/www.nauvonkamarimusiikki.fi\/wordpress\/wp-content\/uploads\/2020\/03\/Abel-headshot-\u00a9JuliaWesely-_muokattus-892x594.jpg 892w, https:\/\/www.nauvonkamarimusiikki.fi\/wordpress\/wp-content\/uploads\/2020\/03\/Abel-headshot-\u00a9JuliaWesely-_muokattus-150x100.jpg 150w\" sizes=\"(max-width: 768px) 100vw, 768px\" \/>\t\t\t\t\t\t\t\t\t\t\t\t\t\t\t<\/div>\n\t\t\t\t<\/div>\n\t\t\t\t\t<\/div>\n\t\t<\/div>\n\t\t\t\t<div class=\"elementor-column elementor-col-66 elementor-top-column elementor-element elementor-element-a32721a\" data-id=\"a32721a\" data-element_type=\"column\" data-e-type=\"column\">\n\t\t\t<div class=\"elementor-widget-wrap elementor-element-populated\">\n\t\t\t\t\t\t<div class=\"elementor-element elementor-element-20d698e elementor-widget elementor-widget-text-editor\" data-id=\"20d698e\" data-element_type=\"widget\" data-e-type=\"widget\" data-widget_type=\"text-editor.default\">\n\t\t\t\t<div class=\"elementor-widget-container\">\n\t\t\t\t\t\t\t\t\t<p><span style=\"font-weight: 400;\">Vastik\u00e4\u00e4n rovaniemel\u00e4istynyt Lapin kamariorkesterin 1. konserttimestari ja n\u00e4in ollen viulisti <strong>Abel Puustinen<\/strong> ei kaihda ehitt\u00e4yty\u00e4 internetin sy\u00f6vereihin l\u00f6yt\u00e4\u00e4kseen klassisen musiikin teosaarteita bittiviidakosta. T\u00e4m\u00e4n harrastuksen ohella Puustinen on aktiivinen kamari- ja orkesterimuusikko. H\u00e4n on ollut viime vuosina kysytty liideri soittaen muun muassa Helsingin kaupunginorkesterissa, Radion sinfoniaorkesterissa ja Turun filharmonisessa orkesterissa.<\/span><\/p><p><span style=\"font-weight: 400;\">Kamarimuusikkona intohimoinen Puustinen on esiintynyt lukuisilla ikimuistoisilla festivaaleilla Suomen rajojen sis\u00e4- ja ulkopuolella inspiroivien kollegoiden kanssa. Freelance-el\u00e4m\u00e4n ja opiskelun v\u00e4lill\u00e4 tasapainotteleva Puustinen on my\u00f6s esiintynyt maamme merkitt\u00e4vien orkestereiden solistina viimeisimp\u00e4n\u00e4 Lapin kamariorkesteri, Jyv\u00e4skyl\u00e4 Sinfonia ja Kuopion kaupunginorkesteri.<\/span><\/p><p><span style=\"font-weight: 400;\">Suurta iloa ja ylpeytt\u00e4 Puustisen taiteelliseen ty\u00f6skentelyyn tuo my\u00f6s Suomen Kulttuurirahaston yst\u00e4v\u00e4llisesti lainaama Giovanni Battista Guadagnini -viulu. Suomen Kulttuurirahasto ja Wihurin rahasto ovat tukeneet h\u00e4nen taiteellista matkaansa kohti syvemp\u00e4\u00e4 viisautta ja ymm\u00e4rt\u00e4\u00e4kseen maantieteellisten sointujen todelliset erot.<\/span><\/p>\t\t\t\t\t\t\t\t<\/div>\n\t\t\t\t<\/div>\n\t\t\t\t\t<\/div>\n\t\t<\/div>\n\t\t\t\t\t<\/div>\n\t\t<\/section>\n\t\t\t\t<\/div>\n\t\t","protected":false},"excerpt":{"rendered":"<p>Vastik\u00e4\u00e4n rovaniemel\u00e4istynyt Lapin kamariorkesterin 1. konserttimestari ja n\u00e4in ollen viulisti Abel Puustinen ei kaihda ehitt\u00e4yty\u00e4 internetin sy\u00f6vereihin l\u00f6yt\u00e4\u00e4kseen klassisen musiikin teosaarteita bittiviidakosta. T\u00e4m\u00e4n harrastuksen ohella Puustinen on aktiivinen kamari- ja orkesterimuusikko. H\u00e4n on ollut viime vuosina kysytty liideri soittaen muun muassa Helsingin kaupunginorkesterissa, Radion sinfoniaorkesterissa ja Turun filharmonisessa orkesterissa. Kamarimuusikkona intohimoinen Puustinen on esiintynyt lukuisilla&hellip; <br \/> <a class=\"read-more\" href=\"https:\/\/www.nauvonkamarimusiikki.fi\/?page_id=4522&#038;lang=sv\">Read more<\/a><\/p>\n","protected":false},"author":1,"featured_media":0,"parent":0,"menu_order":0,"comment_status":"closed","ping_status":"closed","template":"","meta":{"footnotes":""},"class_list":["post-4522","page","type-page","status-publish","hentry"],"_links":{"self":[{"href":"https:\/\/www.nauvonkamarimusiikki.fi\/index.php?rest_route=\/wp\/v2\/pages\/4522","targetHints":{"allow":["GET"]}}],"collection":[{"href":"https:\/\/www.nauvonkamarimusiikki.fi\/index.php?rest_route=\/wp\/v2\/pages"}],"about":[{"href":"https:\/\/www.nauvonkamarimusiikki.fi\/index.php?rest_route=\/wp\/v2\/types\/page"}],"author":[{"embeddable":true,"href":"https:\/\/www.nauvonkamarimusiikki.fi\/index.php?rest_route=\/wp\/v2\/users\/1"}],"replies":[{"embeddable":true,"href":"https:\/\/www.nauvonkamarimusiikki.fi\/index.php?rest_route=%2Fwp%2Fv2%2Fcomments&post=4522"}],"version-history":[{"count":9,"href":"https:\/\/www.nauvonkamarimusiikki.fi\/index.php?rest_route=\/wp\/v2\/pages\/4522\/revisions"}],"predecessor-version":[{"id":5811,"href":"https:\/\/www.nauvonkamarimusiikki.fi\/index.php?rest_route=\/wp\/v2\/pages\/4522\/revisions\/5811"}],"wp:attachment":[{"href":"https:\/\/www.nauvonkamarimusiikki.fi\/index.php?rest_route=%2Fwp%2Fv2%2Fmedia&parent=4522"}],"curies":[{"name":"wp","href":"https:\/\/api.w.org\/{rel}","templated":true}]}}