{"id":4382,"date":"2021-06-09T16:05:59","date_gmt":"2021-06-09T13:05:59","guid":{"rendered":"https:\/\/www.nauvonkamarimusiikki.fi\/?page_id=4382"},"modified":"2025-05-22T18:22:10","modified_gmt":"2025-05-22T15:22:10","slug":"info","status":"publish","type":"page","link":"https:\/\/www.nauvonkamarimusiikki.fi\/?page_id=4382&lang=sv","title":{"rendered":"Info"},"content":{"rendered":"\t\t<div data-elementor-type=\"wp-page\" data-elementor-id=\"4382\" class=\"elementor elementor-4382 elementor-4039\">\n\t\t\t\t\t\t<section class=\"elementor-section elementor-top-section elementor-element elementor-element-de175be elementor-section-boxed elementor-section-height-default elementor-section-height-default\" data-id=\"de175be\" data-element_type=\"section\" data-e-type=\"section\">\n\t\t\t\t\t\t<div class=\"elementor-container elementor-column-gap-default\">\n\t\t\t\t\t<div class=\"elementor-column elementor-col-100 elementor-top-column elementor-element elementor-element-60442ac\" data-id=\"60442ac\" data-element_type=\"column\" data-e-type=\"column\">\n\t\t\t<div class=\"elementor-widget-wrap elementor-element-populated\">\n\t\t\t\t\t\t<div class=\"elementor-element elementor-element-4e0dc9e elementor-widget elementor-widget-heading\" data-id=\"4e0dc9e\" data-element_type=\"widget\" data-e-type=\"widget\" data-widget_type=\"heading.default\">\n\t\t\t\t<div class=\"elementor-widget-container\">\n\t\t\t\t\t<h2 class=\"elementor-heading-title elementor-size-default\">KONTAKT<\/h2>\t\t\t\t<\/div>\n\t\t\t\t<\/div>\n\t\t\t\t\t<\/div>\n\t\t<\/div>\n\t\t\t\t\t<\/div>\n\t\t<\/section>\n\t\t\t\t<section class=\"elementor-section elementor-top-section elementor-element elementor-element-6f07e5a elementor-section-boxed elementor-section-height-default elementor-section-height-default\" data-id=\"6f07e5a\" data-element_type=\"section\" data-e-type=\"section\">\n\t\t\t\t\t\t<div class=\"elementor-container elementor-column-gap-default\">\n\t\t\t\t\t<div class=\"elementor-column elementor-col-50 elementor-top-column elementor-element elementor-element-f11dd5b\" data-id=\"f11dd5b\" data-element_type=\"column\" data-e-type=\"column\">\n\t\t\t<div class=\"elementor-widget-wrap elementor-element-populated\">\n\t\t\t\t\t\t<div class=\"elementor-element elementor-element-8eef2a6 elementor-widget elementor-widget-text-editor\" data-id=\"8eef2a6\" data-element_type=\"widget\" data-e-type=\"widget\" data-widget_type=\"text-editor.default\">\n\t\t\t\t<div class=\"elementor-widget-container\">\n\t\t\t\t\t\t\t\t\t<h5 style=\"text-align: center;\">Konstn\u00e4rliga ledare\u00a0<\/h5>\n<p style=\"text-align: center;\">Erkki Lahesmaa<\/p>\n<p style=\"text-align: center;\">erkki.lahesmaa@nauvonkamarimusiikki.fi<\/p>\t\t\t\t\t\t\t\t<\/div>\n\t\t\t\t<\/div>\n\t\t\t\t\t<\/div>\n\t\t<\/div>\n\t\t\t\t<div class=\"elementor-column elementor-col-50 elementor-top-column elementor-element elementor-element-4ed139f\" data-id=\"4ed139f\" data-element_type=\"column\" data-e-type=\"column\">\n\t\t\t<div class=\"elementor-widget-wrap elementor-element-populated\">\n\t\t\t\t\t\t<div class=\"elementor-element elementor-element-850a208 elementor-widget elementor-widget-text-editor\" data-id=\"850a208\" data-element_type=\"widget\" data-e-type=\"widget\" data-widget_type=\"text-editor.default\">\n\t\t\t\t<div class=\"elementor-widget-container\">\n\t\t\t\t\t\t\t\t\t<h5 style=\"text-align: center;\">Verksamhetsledare<\/h5><p style=\"text-align: center;\">Venla Repo<\/p><p style=\"text-align: center;\">info@nauvonkamarimusiikki.fi<\/p><p style=\"text-align: center;\">tel. 050 5450212<\/p>\t\t\t\t\t\t\t\t<\/div>\n\t\t\t\t<\/div>\n\t\t\t\t\t<\/div>\n\t\t<\/div>\n\t\t\t\t\t<\/div>\n\t\t<\/section>\n\t\t\t\t<section class=\"elementor-section elementor-top-section elementor-element elementor-element-c40e4ce elementor-section-boxed elementor-section-height-default elementor-section-height-default\" data-id=\"c40e4ce\" data-element_type=\"section\" data-e-type=\"section\">\n\t\t\t\t\t\t<div class=\"elementor-container elementor-column-gap-default\">\n\t\t\t\t\t<div class=\"elementor-column elementor-col-100 elementor-top-column elementor-element elementor-element-62e7247\" data-id=\"62e7247\" data-element_type=\"column\" data-e-type=\"column\">\n\t\t\t<div class=\"elementor-widget-wrap elementor-element-populated\">\n\t\t\t\t\t\t<div class=\"elementor-element elementor-element-2f18851 elementor-widget-divider--view-line elementor-widget elementor-widget-divider\" data-id=\"2f18851\" data-element_type=\"widget\" data-e-type=\"widget\" data-widget_type=\"divider.default\">\n\t\t\t\t<div class=\"elementor-widget-container\">\n\t\t\t\t\t\t\t<div class=\"elementor-divider\">\n\t\t\t<span class=\"elementor-divider-separator\">\n\t\t\t\t\t\t<\/span>\n\t\t<\/div>\n\t\t\t\t\t\t<\/div>\n\t\t\t\t<\/div>\n\t\t\t\t\t<\/div>\n\t\t<\/div>\n\t\t\t\t\t<\/div>\n\t\t<\/section>\n\t\t\t\t<section class=\"elementor-section elementor-top-section elementor-element elementor-element-bdb975e elementor-section-boxed elementor-section-height-default elementor-section-height-default\" data-id=\"bdb975e\" data-element_type=\"section\" data-e-type=\"section\">\n\t\t\t\t\t\t<div class=\"elementor-container elementor-column-gap-default\">\n\t\t\t\t\t<div class=\"elementor-column elementor-col-100 elementor-top-column elementor-element elementor-element-d9c0b89\" data-id=\"d9c0b89\" data-element_type=\"column\" data-e-type=\"column\">\n\t\t\t<div class=\"elementor-widget-wrap elementor-element-populated\">\n\t\t\t\t\t\t<div class=\"elementor-element elementor-element-7d1e043 elementor-widget elementor-widget-heading\" data-id=\"7d1e043\" data-element_type=\"widget\" data-e-type=\"widget\" data-widget_type=\"heading.default\">\n\t\t\t\t<div class=\"elementor-widget-container\">\n\t\t\t\t\t<h2 class=\"elementor-heading-title elementor-size-default\">UNDERST\u00d6DJARE OCH SAMARBETSPARTNERS<\/h2>\t\t\t\t<\/div>\n\t\t\t\t<\/div>\n\t\t\t\t\t<\/div>\n\t\t<\/div>\n\t\t\t\t\t<\/div>\n\t\t<\/section>\n\t\t\t\t<section class=\"elementor-section elementor-top-section elementor-element elementor-element-cddf13e elementor-section-boxed elementor-section-height-default elementor-section-height-default\" data-id=\"cddf13e\" data-element_type=\"section\" data-e-type=\"section\">\n\t\t\t\t\t\t<div class=\"elementor-container elementor-column-gap-default\">\n\t\t\t\t\t<div class=\"elementor-column elementor-col-50 elementor-top-column elementor-element elementor-element-4bf076b\" data-id=\"4bf076b\" data-element_type=\"column\" data-e-type=\"column\">\n\t\t\t<div class=\"elementor-widget-wrap elementor-element-populated\">\n\t\t\t\t\t\t<div class=\"elementor-element elementor-element-7477118 elementor-widget elementor-widget-text-editor\" data-id=\"7477118\" data-element_type=\"widget\" data-e-type=\"widget\" data-widget_type=\"text-editor.default\">\n\t\t\t\t<div class=\"elementor-widget-container\">\n\t\t\t\t\t\t\t\t\t<p style=\"text-align: center;\">Pargas stad<\/p><p style=\"text-align: center;\">Svenska Kulturfonden<\/p><p style=\"text-align: center;\">Martha och Albin L\u00f6grens kulturfond<\/p><p style=\"text-align: center;\"><span data-sheets-value=\"{&quot;1&quot;:2,&quot;2&quot;:&quot;Emilie och Rudolf Gesellius fond&quot;}\" data-sheets-userformat=\"{&quot;2&quot;:513,&quot;3&quot;:{&quot;1&quot;:0},&quot;12&quot;:0}\">Emilie och Rudolf Gesellius fond<\/span><\/p><p style=\"text-align: center;\"><span data-sheets-value=\"{&quot;1&quot;:2,&quot;2&quot;:&quot;William Thurings stiftelse&quot;}\" data-sheets-userformat=\"{&quot;2&quot;:513,&quot;3&quot;:{&quot;1&quot;:0},&quot;12&quot;:0}\">William Thurings stiftelse<\/span><\/p><p style=\"text-align: center;\">Nagu Sparbanksstiftelse<\/p><p style=\"text-align: center;\">Nagu kapellf\u00f6rsamling<\/p><p style=\"text-align: center;\">\u00a0<\/p>\t\t\t\t\t\t\t\t<\/div>\n\t\t\t\t<\/div>\n\t\t\t\t\t<\/div>\n\t\t<\/div>\n\t\t\t\t<div class=\"elementor-column elementor-col-50 elementor-top-column elementor-element elementor-element-b4938a6\" data-id=\"b4938a6\" data-element_type=\"column\" data-e-type=\"column\">\n\t\t\t<div class=\"elementor-widget-wrap elementor-element-populated\">\n\t\t\t\t\t\t<div class=\"elementor-element elementor-element-4678a87 elementor-widget elementor-widget-text-editor\" data-id=\"4678a87\" data-element_type=\"widget\" data-e-type=\"widget\" data-widget_type=\"text-editor.default\">\n\t\t\t\t<div class=\"elementor-widget-container\">\n\t\t\t\t\t\t\t\t\t<p style=\"text-align: center;\">\u00a0OSG Agency<\/p><p style=\"text-align: center;\">Multiculti rf.<\/p><p style=\"text-align: center;\">Restaurang L&#8217;Escale<\/p><p style=\"text-align: center;\">Oak Tree B&amp;B and Caf\u00e9<\/p><p style=\"text-align: center;\">Cafe CarGott\u00a0<\/p><p style=\"text-align: center;\">Br\u00e4nnsk\u00e4r<\/p><p style=\"text-align: center;\">Visit Seili<\/p><p style=\"text-align: center;\">Taide- ja lahjapuoti Wallmo<\/p>\t\t\t\t\t\t\t\t<\/div>\n\t\t\t\t<\/div>\n\t\t\t\t\t<\/div>\n\t\t<\/div>\n\t\t\t\t\t<\/div>\n\t\t<\/section>\n\t\t\t\t<section class=\"elementor-section elementor-top-section elementor-element elementor-element-c949d26 elementor-section-boxed elementor-section-height-default elementor-section-height-default\" data-id=\"c949d26\" data-element_type=\"section\" data-e-type=\"section\">\n\t\t\t\t\t\t<div class=\"elementor-container elementor-column-gap-default\">\n\t\t\t\t\t<div class=\"elementor-column elementor-col-100 elementor-top-column elementor-element elementor-element-39230e8\" data-id=\"39230e8\" data-element_type=\"column\" data-e-type=\"column\">\n\t\t\t<div class=\"elementor-widget-wrap elementor-element-populated\">\n\t\t\t\t\t\t<div class=\"elementor-element elementor-element-d6c4f24 elementor-widget-divider--view-line elementor-widget elementor-widget-divider\" data-id=\"d6c4f24\" data-element_type=\"widget\" data-e-type=\"widget\" data-widget_type=\"divider.default\">\n\t\t\t\t<div class=\"elementor-widget-container\">\n\t\t\t\t\t\t\t<div class=\"elementor-divider\">\n\t\t\t<span class=\"elementor-divider-separator\">\n\t\t\t\t\t\t<\/span>\n\t\t<\/div>\n\t\t\t\t\t\t<\/div>\n\t\t\t\t<\/div>\n\t\t\t\t\t<\/div>\n\t\t<\/div>\n\t\t\t\t\t<\/div>\n\t\t<\/section>\n\t\t\t\t<section class=\"elementor-section elementor-top-section elementor-element elementor-element-bbc4c83 elementor-section-boxed elementor-section-height-default elementor-section-height-default\" data-id=\"bbc4c83\" data-element_type=\"section\" data-e-type=\"section\">\n\t\t\t\t\t\t<div class=\"elementor-container elementor-column-gap-default\">\n\t\t\t\t\t<div class=\"elementor-column elementor-col-100 elementor-top-column elementor-element elementor-element-cfc6919\" data-id=\"cfc6919\" data-element_type=\"column\" data-e-type=\"column\">\n\t\t\t<div class=\"elementor-widget-wrap elementor-element-populated\">\n\t\t\t\t\t\t<div class=\"elementor-element elementor-element-15098ac elementor-widget elementor-widget-heading\" data-id=\"15098ac\" data-element_type=\"widget\" data-e-type=\"widget\" data-widget_type=\"heading.default\">\n\t\t\t\t<div class=\"elementor-widget-container\">\n\t\t\t\t\t<h2 class=\"elementor-heading-title elementor-size-default\">ATT TA SIG TILL KONSERTERNA<\/h2>\t\t\t\t<\/div>\n\t\t\t\t<\/div>\n\t\t\t\t\t<\/div>\n\t\t<\/div>\n\t\t\t\t\t<\/div>\n\t\t<\/section>\n\t\t\t\t<section class=\"elementor-section elementor-top-section elementor-element elementor-element-a2f1777 elementor-section-boxed elementor-section-height-default elementor-section-height-default\" data-id=\"a2f1777\" data-element_type=\"section\" data-e-type=\"section\">\n\t\t\t\t\t\t<div class=\"elementor-container elementor-column-gap-default\">\n\t\t\t\t\t<div class=\"elementor-column elementor-col-50 elementor-top-column elementor-element elementor-element-5011501\" data-id=\"5011501\" data-element_type=\"column\" data-e-type=\"column\">\n\t\t\t<div class=\"elementor-widget-wrap elementor-element-populated\">\n\t\t\t\t\t\t<div class=\"elementor-element elementor-element-808b0ce elementor-widget elementor-widget-text-editor\" data-id=\"808b0ce\" data-element_type=\"widget\" data-e-type=\"widget\" data-widget_type=\"text-editor.default\">\n\t\t\t\t<div class=\"elementor-widget-container\">\n\t\t\t\t\t\t\t\t\t<h4>Nagu<\/h4>\n<p><b style=\"color: var( --e-global-color-text ); font-family: var( --e-global-typography-text-font-family ), Sans-serif; font-size: 16px;\">Sk\u00e4rg\u00e5rdsv\u00e4gen&nbsp;<\/b>fr\u00e5n \u00c5bo via Pargas ungef\u00e4r 55 km. Vi rekommenderar reservera minst 1,5 timmar med bil.<\/p>\n<p><b>F\u00e4rjtidtabeller:<br><\/b><a href=\"https:\/\/www.finferries.fi\/sv\/farjetrafik\/farjplatserna-och-tidtabellerna.html\">Finferries: <\/a>Pargas-Nagu, Korpo-Nagu<br><a href=\"https:\/\/www.ostern.fi\/sv\/\">M\/s \u00d6stern<\/a>: Hanka(N\u00e5dendal\/Rimito)-Sj\u00e4l\u00f6-Nagu<br><a href=\"https:\/\/vitharun.fi\/sv\/tidtabeller\/abo-sjalo-nagu\/\">M\/s Norrsk\u00e4r<\/a>: \u00c5bo-Sj\u00e4l\u00f6-Nagu<\/p>\n<p><b>Sk\u00e4rg\u00e5rdsbussen:<br><\/b><a href=\"https:\/\/tlo.fi\/skargardsbuss\/\">https:\/\/tlo.fi\/skargardsbuss\/<\/a><\/p>\t\t\t\t\t\t\t\t<\/div>\n\t\t\t\t<\/div>\n\t\t\t\t\t<\/div>\n\t\t<\/div>\n\t\t\t\t<div class=\"elementor-column elementor-col-50 elementor-top-column elementor-element elementor-element-38f5d7d\" data-id=\"38f5d7d\" data-element_type=\"column\" data-e-type=\"column\">\n\t\t\t<div class=\"elementor-widget-wrap elementor-element-populated\">\n\t\t\t\t\t\t<div class=\"elementor-element elementor-element-3e5ccd0 elementor-widget elementor-widget-text-editor\" data-id=\"3e5ccd0\" data-element_type=\"widget\" data-e-type=\"widget\" data-widget_type=\"text-editor.default\">\n\t\t\t\t<div class=\"elementor-widget-container\">\n\t\t\t\t\t\t\t\t\t<h4>Br\u00e4nnsk\u00e4r<\/h4><p>Till Br\u00e4nnsk\u00e4r \u00e4r det m\u00f6jligt att komma b\u00e5de med egen b\u00e5t samt med f\u00f6rbindelseb\u00e5ten Falk\u00f6. F\u00f6rbindelseb\u00e5ten avg\u00e5r fr\u00e5n Kirjais kl. 11 och kommer tillbaka ungef\u00e4r kl. 17 beroende p\u00e5 var den stannar f\u00f6re Br\u00e4nnsk\u00e4r p\u00e5 v\u00e4gen tillbaka. N\u00e4rmare information om Falk\u00f6s tidtabell och annat info kan du l\u00e4sa <a href=\"https:\/\/www.finferries.fi\/sv\/farjetrafik\/farjplatserna-och-tidtabellerna\/nagu-sodra-rutt-falko.html\" target=\"_blank\" rel=\"noopener\">h\u00e4r<\/a>.<\/p><p>Om man kommer med egen b\u00e5t rekommenderar vi att vara i kontakt med <a href=\"https:\/\/www.brannskar.fi\/ota-yhteytt%C3%A4\">hamnkontoret<\/a> p\u00e5 Br\u00e4nnsk\u00e4r p\u00e5 f\u00f6rhand.<\/p><p><b>F\u00f6rbindelsefartygbrygga adress &amp; kontaktuppgifter:<br \/><\/b>Falk\u00f6<br \/>Kirjais f\u00f6rbindelsefartygsbrygga<br \/>\u00d6steruddsv\u00e4gen 29<br \/>21650 LILLANDET<br \/>0400 320 097<\/p>\t\t\t\t\t\t\t\t<\/div>\n\t\t\t\t<\/div>\n\t\t\t\t\t<\/div>\n\t\t<\/div>\n\t\t\t\t\t<\/div>\n\t\t<\/section>\n\t\t\t\t<section class=\"elementor-section elementor-top-section elementor-element elementor-element-42d430b elementor-section-boxed elementor-section-height-default elementor-section-height-default\" data-id=\"42d430b\" data-element_type=\"section\" data-e-type=\"section\">\n\t\t\t\t\t\t<div class=\"elementor-container elementor-column-gap-default\">\n\t\t\t\t\t<div class=\"elementor-column elementor-col-50 elementor-top-column elementor-element elementor-element-43f48cc\" data-id=\"43f48cc\" data-element_type=\"column\" data-e-type=\"column\">\n\t\t\t<div class=\"elementor-widget-wrap elementor-element-populated\">\n\t\t\t\t\t\t<div class=\"elementor-element elementor-element-8f3f2cf elementor-widget elementor-widget-text-editor\" data-id=\"8f3f2cf\" data-element_type=\"widget\" data-e-type=\"widget\" data-widget_type=\"text-editor.default\">\n\t\t\t\t<div class=\"elementor-widget-container\">\n\t\t\t\t\t\t\t\t\t<h4>Sj\u00e4l\u00f6<\/h4><p>Till Sj\u00e4l\u00f6 kan man komma med egen b\u00e5t eller med m\u00e5nga olika f\u00f6rbindelseb\u00e5tar.<\/p><p><strong>B\u00e5tarna<\/strong>:<br \/>M\/s \u00d6stern: Nagu-Sj\u00e4l\u00f6-Hanka<br \/>M\/s Norrsk\u00e4r: \u00c5bo-Sj\u00e4l\u00f6-Nagu<br \/>M\/s Sommarsk\u00e4r: Nagu-Sj\u00e4l\u00f6-Nagu<\/p><p>Mera information och tidtabellerna hittas p\u00e5 Visit Seilis hemsidor: <a href=\"https:\/\/www.visitseili.fi\/sv\/forbindelsetrafik\/\">https:\/\/www.visitseili.fi\/sv\/forbindelsetrafik\/<\/a><\/p>\t\t\t\t\t\t\t\t<\/div>\n\t\t\t\t<\/div>\n\t\t\t\t\t<\/div>\n\t\t<\/div>\n\t\t\t\t<div class=\"elementor-column elementor-col-50 elementor-top-column elementor-element elementor-element-72c4e1b\" data-id=\"72c4e1b\" data-element_type=\"column\" data-e-type=\"column\">\n\t\t\t<div class=\"elementor-widget-wrap\">\n\t\t\t\t\t\t\t<\/div>\n\t\t<\/div>\n\t\t\t\t\t<\/div>\n\t\t<\/section>\n\t\t\t\t<\/div>\n\t\t","protected":false},"excerpt":{"rendered":"<p>KONTAKT Konstn\u00e4rliga ledare\u00a0 Erkki Lahesmaa erkki.lahesmaa@nauvonkamarimusiikki.fi Verksamhetsledare Venla Repo info@nauvonkamarimusiikki.fi tel. 050 5450212 UNDERST\u00d6DJARE OCH SAMARBETSPARTNERS Pargas stad Svenska Kulturfonden Martha och Albin L\u00f6grens kulturfond Emilie och Rudolf Gesellius fond William Thurings stiftelse Nagu Sparbanksstiftelse Nagu kapellf\u00f6rsamling \u00a0 \u00a0OSG Agency Multiculti rf. Restaurang L&#8217;Escale Oak Tree B&amp;B and Caf\u00e9 Cafe CarGott\u00a0 Br\u00e4nnsk\u00e4r Visit Seili Taide-&hellip; <br \/> <a class=\"read-more\" href=\"https:\/\/www.nauvonkamarimusiikki.fi\/?page_id=4382&#038;lang=sv\">Read more<\/a><\/p>\n","protected":false},"author":1,"featured_media":0,"parent":0,"menu_order":0,"comment_status":"closed","ping_status":"closed","template":"","meta":{"footnotes":""},"class_list":["post-4382","page","type-page","status-publish","hentry"],"_links":{"self":[{"href":"https:\/\/www.nauvonkamarimusiikki.fi\/index.php?rest_route=\/wp\/v2\/pages\/4382","targetHints":{"allow":["GET"]}}],"collection":[{"href":"https:\/\/www.nauvonkamarimusiikki.fi\/index.php?rest_route=\/wp\/v2\/pages"}],"about":[{"href":"https:\/\/www.nauvonkamarimusiikki.fi\/index.php?rest_route=\/wp\/v2\/types\/page"}],"author":[{"embeddable":true,"href":"https:\/\/www.nauvonkamarimusiikki.fi\/index.php?rest_route=\/wp\/v2\/users\/1"}],"replies":[{"embeddable":true,"href":"https:\/\/www.nauvonkamarimusiikki.fi\/index.php?rest_route=%2Fwp%2Fv2%2Fcomments&post=4382"}],"version-history":[{"count":43,"href":"https:\/\/www.nauvonkamarimusiikki.fi\/index.php?rest_route=\/wp\/v2\/pages\/4382\/revisions"}],"predecessor-version":[{"id":6425,"href":"https:\/\/www.nauvonkamarimusiikki.fi\/index.php?rest_route=\/wp\/v2\/pages\/4382\/revisions\/6425"}],"wp:attachment":[{"href":"https:\/\/www.nauvonkamarimusiikki.fi\/index.php?rest_route=%2Fwp%2Fv2%2Fmedia&parent=4382"}],"curies":[{"name":"wp","href":"https:\/\/api.w.org\/{rel}","templated":true}]}}