{"id":3392,"date":"2020-03-10T21:26:18","date_gmt":"2020-03-10T19:26:18","guid":{"rendered":"https:\/\/www.nauvonkamarimusiikki.fi\/?page_id=3392"},"modified":"2020-03-10T21:28:52","modified_gmt":"2020-03-10T19:28:52","slug":"abel-puustinen","status":"publish","type":"page","link":"https:\/\/www.nauvonkamarimusiikki.fi\/?page_id=3392&lang=en","title":{"rendered":"Abel Puustinen"},"content":{"rendered":"\t\t<div data-elementor-type=\"wp-post\" data-elementor-id=\"3392\" class=\"elementor elementor-3392 elementor-3247\">\n\t\t\t\t\t\t<section class=\"elementor-section elementor-top-section elementor-element elementor-element-6faa86b elementor-section-boxed elementor-section-height-default elementor-section-height-default\" data-id=\"6faa86b\" data-element_type=\"section\" data-e-type=\"section\">\n\t\t\t\t\t\t<div class=\"elementor-container elementor-column-gap-default\">\n\t\t\t\t\t<div class=\"elementor-column elementor-col-100 elementor-top-column elementor-element elementor-element-7b7f9cd\" data-id=\"7b7f9cd\" data-element_type=\"column\" data-e-type=\"column\">\n\t\t\t<div class=\"elementor-widget-wrap elementor-element-populated\">\n\t\t\t\t\t\t<div class=\"elementor-element elementor-element-ae1fc77 elementor-widget elementor-widget-text-editor\" data-id=\"ae1fc77\" data-element_type=\"widget\" data-e-type=\"widget\" data-widget_type=\"text-editor.default\">\n\t\t\t\t<div class=\"elementor-widget-container\">\n\t\t\t\t\t\t\t\t\t<p><span style=\"font-weight: 400; color: #000000;\"><img fetchpriority=\"high\" decoding=\"async\" class=\"alignright size-medium wp-image-3236\" src=\"https:\/\/www.nauvonkamarimusiikki.fi\/wordpress\/wp-content\/uploads\/2020\/03\/Abel-headshot-\u00a9JuliaWesely-_muokattus-300x200.jpg\" alt=\"\" width=\"300\" height=\"200\" srcset=\"https:\/\/www.nauvonkamarimusiikki.fi\/wordpress\/wp-content\/uploads\/2020\/03\/Abel-headshot-\u00a9JuliaWesely-_muokattus-300x200.jpg 300w, https:\/\/www.nauvonkamarimusiikki.fi\/wordpress\/wp-content\/uploads\/2020\/03\/Abel-headshot-\u00a9JuliaWesely-_muokattus-768x512.jpg 768w, https:\/\/www.nauvonkamarimusiikki.fi\/wordpress\/wp-content\/uploads\/2020\/03\/Abel-headshot-\u00a9JuliaWesely-_muokattus-1024x683.jpg 1024w, https:\/\/www.nauvonkamarimusiikki.fi\/wordpress\/wp-content\/uploads\/2020\/03\/Abel-headshot-\u00a9JuliaWesely-_muokattus-892x594.jpg 892w, https:\/\/www.nauvonkamarimusiikki.fi\/wordpress\/wp-content\/uploads\/2020\/03\/Abel-headshot-\u00a9JuliaWesely-_muokattus-150x100.jpg 150w\" sizes=\"(max-width: 300px) 100vw, 300px\" \/><\/span><\/p><p><span style=\"font-weight: 400; color: #000000;\">Finnish violinist <strong>Abel Puustinen<\/strong> made his debut with a symphony orchestra in 2014 performing Jean Sibelius\u2019 Violin Concerto at the Helsinki Music Centre. Since he has performed as a soloist with many Finnish orchestras such as The Finnish Radio Symphony Orchestra and the Helsinki Philharmonic Orchestra.<\/span><\/p><p><span style=\"color: #000000; font-size: 1rem;\">Puustinen\u2019s passion for chamber music has taken him all around Europe and to Asia. Puustinen is a Young Artist at the Kuhmo Chamber Music Festival and has performed at the Wigmore Hall, Conway Hall, King\u2019s Place, Helsinki Music Centre, The Temppeliaukio Church, Kallio Church, Victoria and Albert Museum and the Royal Albert Hall. As an orchestra musician he has played in all of the major Finnish symphony orchestras and in The Royal Philharmonic Orchestra in London.<\/span><\/p><p><span style=\"font-weight: 400; color: #000000;\">\u00a0<\/span><span style=\"color: #000000; font-size: 1rem;\">Before moving to London in 2016 to study with Jan Repko at the Royal College of Music\u00a0<\/span><span style=\"color: #000000; font-size: 1rem;\">Puustinen studied in Finland at the Sibelius Academy with violinists Antti Tikkanen and Laura Vikman. He has also participated in masterclasses given by Maxim Vengerov, Ilja Grubert, Hagai Shaham, Mihaela Martin, Lucie Robert, Elina V\u00e4h\u00e4l\u00e4 and Ana Chumachenco to name but a few. Lauri Untamala, G\u00e9za Szilvay, Paavo Pohjola and Marko Yl\u00f6nen have been instrumental in Puustinen\u2019s professional musical career.\u00a0<\/span><\/p><p><span style=\"font-weight: 400; color: #000000;\">Puustinen is a RCM Scholar and plays on a Giovanni Battista Guadagnini violin generously loaned to him by the Finnish Cultural Foundation.<\/span><\/p>\t\t\t\t\t\t\t\t<\/div>\n\t\t\t\t<\/div>\n\t\t\t\t\t<\/div>\n\t\t<\/div>\n\t\t\t\t\t<\/div>\n\t\t<\/section>\n\t\t\t\t<\/div>\n\t\t","protected":false},"excerpt":{"rendered":"<p>Finnish violinist Abel Puustinen made his debut with a symphony orchestra in 2014 performing Jean Sibelius\u2019 Violin Concerto at the Helsinki Music Centre. Since he has performed as a soloist with many Finnish orchestras such as The Finnish Radio Symphony Orchestra and the Helsinki Philharmonic Orchestra. Puustinen\u2019s passion for chamber music has taken him all&hellip; <br \/> <a class=\"read-more\" href=\"https:\/\/www.nauvonkamarimusiikki.fi\/?page_id=3392&#038;lang=en\">Read more<\/a><\/p>\n","protected":false},"author":1,"featured_media":0,"parent":0,"menu_order":0,"comment_status":"closed","ping_status":"closed","template":"","meta":{"footnotes":""},"class_list":["post-3392","page","type-page","status-publish","hentry"],"_links":{"self":[{"href":"https:\/\/www.nauvonkamarimusiikki.fi\/index.php?rest_route=\/wp\/v2\/pages\/3392","targetHints":{"allow":["GET"]}}],"collection":[{"href":"https:\/\/www.nauvonkamarimusiikki.fi\/index.php?rest_route=\/wp\/v2\/pages"}],"about":[{"href":"https:\/\/www.nauvonkamarimusiikki.fi\/index.php?rest_route=\/wp\/v2\/types\/page"}],"author":[{"embeddable":true,"href":"https:\/\/www.nauvonkamarimusiikki.fi\/index.php?rest_route=\/wp\/v2\/users\/1"}],"replies":[{"embeddable":true,"href":"https:\/\/www.nauvonkamarimusiikki.fi\/index.php?rest_route=%2Fwp%2Fv2%2Fcomments&post=3392"}],"version-history":[{"count":2,"href":"https:\/\/www.nauvonkamarimusiikki.fi\/index.php?rest_route=\/wp\/v2\/pages\/3392\/revisions"}],"predecessor-version":[{"id":3397,"href":"https:\/\/www.nauvonkamarimusiikki.fi\/index.php?rest_route=\/wp\/v2\/pages\/3392\/revisions\/3397"}],"wp:attachment":[{"href":"https:\/\/www.nauvonkamarimusiikki.fi\/index.php?rest_route=%2Fwp%2Fv2%2Fmedia&parent=3392"}],"curies":[{"name":"wp","href":"https:\/\/api.w.org\/{rel}","templated":true}]}}