{"id":3259,"date":"2020-03-08T09:01:14","date_gmt":"2020-03-08T07:01:14","guid":{"rendered":"https:\/\/www.nauvonkamarimusiikki.fi\/?page_id=3259"},"modified":"2020-03-08T09:02:04","modified_gmt":"2020-03-08T07:02:04","slug":"markku-makinen","status":"publish","type":"page","link":"https:\/\/www.nauvonkamarimusiikki.fi\/?page_id=3259","title":{"rendered":"Markku M\u00e4kinen"},"content":{"rendered":"\t\t<div data-elementor-type=\"wp-post\" data-elementor-id=\"3259\" class=\"elementor elementor-3259 elementor-bc-flex-widget\">\n\t\t\t\t\t\t<section class=\"elementor-section elementor-top-section elementor-element elementor-element-35f3a30 elementor-section-boxed elementor-section-height-default elementor-section-height-default\" data-id=\"35f3a30\" data-element_type=\"section\" data-e-type=\"section\">\n\t\t\t\t\t\t<div class=\"elementor-container elementor-column-gap-default\">\n\t\t\t\t\t<div class=\"elementor-column elementor-col-100 elementor-top-column elementor-element elementor-element-94077b1\" data-id=\"94077b1\" data-element_type=\"column\" data-e-type=\"column\">\n\t\t\t<div class=\"elementor-widget-wrap elementor-element-populated\">\n\t\t\t\t\t\t<div class=\"elementor-element elementor-element-6466498 elementor-widget elementor-widget-text-editor\" data-id=\"6466498\" data-element_type=\"widget\" data-e-type=\"widget\" data-widget_type=\"text-editor.default\">\n\t\t\t\t<div class=\"elementor-widget-container\">\n\t\t\t\t\t\t\t\t\t<p><span style=\"color: #000000;\"><span style=\"font-weight: 400;\"><img fetchpriority=\"high\" decoding=\"async\" class=\"alignright size-medium wp-image-3239\" src=\"https:\/\/www.nauvonkamarimusiikki.fi\/wordpress\/wp-content\/uploads\/2020\/03\/Markku-Ma\u0308kinen_muokattu-300x225.jpg\" alt=\"\" width=\"300\" height=\"225\" srcset=\"https:\/\/www.nauvonkamarimusiikki.fi\/wordpress\/wp-content\/uploads\/2020\/03\/Markku-Ma\u0308kinen_muokattu-300x225.jpg 300w, https:\/\/www.nauvonkamarimusiikki.fi\/wordpress\/wp-content\/uploads\/2020\/03\/Markku-Ma\u0308kinen_muokattu-768x576.jpg 768w, https:\/\/www.nauvonkamarimusiikki.fi\/wordpress\/wp-content\/uploads\/2020\/03\/Markku-Ma\u0308kinen_muokattu-1024x768.jpg 1024w, https:\/\/www.nauvonkamarimusiikki.fi\/wordpress\/wp-content\/uploads\/2020\/03\/Markku-Ma\u0308kinen_muokattu-892x669.jpg 892w\" sizes=\"(max-width: 300px) 100vw, 300px\" \/>Urkuri ja cembalisti<\/span><b> Markku M\u00e4kinen<\/b><span style=\"font-weight: 400;\"> (s.1973) on monipuolinen muusikko, joka esiintyy s\u00e4\u00e4nn\u00f6llisesti kotimaan lis\u00e4ksi eri puolilla Eurooppaa omin soolokonsertein ja kamarimuusikkona. H\u00e4n on tehnyt aktiivisesti yhteisty\u00f6t\u00e4 lukuisien eturivin laulajien ja instrumentalistien kanssa sek\u00e4 toiminut kosketinsoittajana monissa maamme sinfoniaorkestereissa ja vanhan musiikin yhtyeiss\u00e4.\u00a0<\/span><\/span><\/p><p><span style=\"font-weight: 400; color: #000000;\">M\u00e4kisen ohjelmisto ulottuu varhaisimmasta kosketinsoitinmusiikista aina oman aikamme teoksiin. H\u00e4nen erityisi\u00e4 kiinnostuksen kohteitaan vuosien varrella ovat olleet mm. Jehan Alainin el\u00e4m\u00e4n ja ajattelun synteesi h\u00e4nen taiteessaan, V\u00e4limeren maiden &#8211; erityisesti Italian &#8211; kulttuuri, Max Regerin varjoon j\u00e4\u00e4neet saksalaiset my\u00f6h\u00e4isromantikot, kuten Sigfrid Karg-Elert ja Karl Hoyer, barokin suuri synteesin tekij\u00e4 Georg Muffat, l\u00e4nsimaisen taidemusiikin kivijalkaa J.S.Bachia unohtamatta. M\u00e4kinen on my\u00f6s konserttiohjelmissaan nostanut p\u00e4iv\u00e4nvaloon monia unhoon painuneita s\u00e4velaarteita 1700-1900-luvuilta kotimaisten arkistojen k\u00e4tk\u00f6ist\u00e4. N\u00e4ist\u00e4 aiheista M\u00e4kinen on luennoinut ja pit\u00e4nyt mestarikursseja niin Suomessa kuin ulkomailla. N\u00e4ist\u00e4 teemoista ovat kummunneet my\u00f6s monet h\u00e4nen Yleisradiolle tekemist\u00e4\u00e4n nauhoituksista ja levytyksist\u00e4, joita h\u00e4n on tehnyt mm. levymerkeille Alba ja La Bottega Discantica.<\/span><\/p><p><span style=\"font-weight: 400; color: #000000;\">Koulutuksensa M\u00e4kinen on saanut Sibelius-Akatemian nuorisokoulutuksessa ja esitt\u00e4v\u00e4n s\u00e4veltaiteen koulutusohjelmassa, josta h\u00e4n valmistui musiikin maisteriksi 1999. H\u00e4n suoritti A-tutkinnon erinomaisin arvosanoin urkujensoitossa 1998 prof. Olli Porthanin johdolla ja cembalonsoitossa 2001 Kati H\u00e4m\u00e4l\u00e4isen oppilaana. Opintojaan h\u00e4n on t\u00e4ydent\u00e4nyt lukuisilla koti- ja ulkomaisilla mestarikursseilla. Vuosina 1998-2000 h\u00e4n jatkoi urkujensoitonopintojaan Amsterdamin konservatoriossa prof. Jacques van Oortmerssenin johdolla suorittaen Tweede fase \u2013tutkinnon (solistidiplomi) erityismaininnalla \u201dcum laude\u201d.\u00a0<\/span><\/p><p><span style=\"font-weight: 400; color: #000000;\">M\u00e4kisen kilpailumenestyksest\u00e4 mainittakoon 3. palkinto Alkmaarin kansainv\u00e4lisess\u00e4 Schnitger-urkukilpailussa Hollannissa 1997 ja Kotkan kansainv\u00e4lisen urkukilpailun voitto 2002. Syksyst\u00e4 2002 h\u00e4n on opettanut urkujensoittoa Sibelius-Akatemiassa. M\u00e4kinen on toiminut vanhimman pohjoismaisen urkutaiteen yhdistyksen Organum-seuran hallituksen j\u00e4senen\u00e4 vuosina 2002-2004 ja Kansainv\u00e4lisen kirkkomusiikin kes\u00e4akatemian taiteellisena johtajana Virossa vuosina 2007-2016. M\u00e4kinen toimii my\u00f6s Helsingiss\u00e4 katolisen Pyh\u00e4n Marian kirkon urkurina.<\/span><\/p><p>\u00a0<\/p>\t\t\t\t\t\t\t\t<\/div>\n\t\t\t\t<\/div>\n\t\t\t\t\t<\/div>\n\t\t<\/div>\n\t\t\t\t\t<\/div>\n\t\t<\/section>\n\t\t\t\t<\/div>\n\t\t","protected":false},"excerpt":{"rendered":"<p>Urkuri ja cembalisti Markku M\u00e4kinen (s.1973) on monipuolinen muusikko, joka esiintyy s\u00e4\u00e4nn\u00f6llisesti kotimaan lis\u00e4ksi eri puolilla Eurooppaa omin soolokonsertein ja kamarimuusikkona. H\u00e4n on tehnyt aktiivisesti yhteisty\u00f6t\u00e4 lukuisien eturivin laulajien ja instrumentalistien kanssa sek\u00e4 toiminut kosketinsoittajana monissa maamme sinfoniaorkestereissa ja vanhan musiikin yhtyeiss\u00e4.\u00a0 M\u00e4kisen ohjelmisto ulottuu varhaisimmasta kosketinsoitinmusiikista aina oman aikamme teoksiin. H\u00e4nen erityisi\u00e4 kiinnostuksen kohteitaan&hellip; <br \/> <a class=\"read-more\" href=\"https:\/\/www.nauvonkamarimusiikki.fi\/?page_id=3259\">Read more<\/a><\/p>\n","protected":false},"author":1,"featured_media":0,"parent":0,"menu_order":0,"comment_status":"closed","ping_status":"closed","template":"","meta":{"footnotes":""},"class_list":["post-3259","page","type-page","status-publish","hentry"],"_links":{"self":[{"href":"https:\/\/www.nauvonkamarimusiikki.fi\/index.php?rest_route=\/wp\/v2\/pages\/3259","targetHints":{"allow":["GET"]}}],"collection":[{"href":"https:\/\/www.nauvonkamarimusiikki.fi\/index.php?rest_route=\/wp\/v2\/pages"}],"about":[{"href":"https:\/\/www.nauvonkamarimusiikki.fi\/index.php?rest_route=\/wp\/v2\/types\/page"}],"author":[{"embeddable":true,"href":"https:\/\/www.nauvonkamarimusiikki.fi\/index.php?rest_route=\/wp\/v2\/users\/1"}],"replies":[{"embeddable":true,"href":"https:\/\/www.nauvonkamarimusiikki.fi\/index.php?rest_route=%2Fwp%2Fv2%2Fcomments&post=3259"}],"version-history":[{"count":2,"href":"https:\/\/www.nauvonkamarimusiikki.fi\/index.php?rest_route=\/wp\/v2\/pages\/3259\/revisions"}],"predecessor-version":[{"id":3264,"href":"https:\/\/www.nauvonkamarimusiikki.fi\/index.php?rest_route=\/wp\/v2\/pages\/3259\/revisions\/3264"}],"wp:attachment":[{"href":"https:\/\/www.nauvonkamarimusiikki.fi\/index.php?rest_route=%2Fwp%2Fv2%2Fmedia&parent=3259"}],"curies":[{"name":"wp","href":"https:\/\/api.w.org\/{rel}","templated":true}]}}