{"id":142,"date":"2013-05-17T16:14:58","date_gmt":"2013-05-17T13:14:58","guid":{"rendered":"http:\/\/www.nauvonkamarimusiikki.fi\/?page_id=142"},"modified":"2017-06-12T14:24:07","modified_gmt":"2017-06-12T11:24:07","slug":"cv-mikaela-palmu-2","status":"publish","type":"page","link":"https:\/\/www.nauvonkamarimusiikki.fi\/?page_id=142&lang=sv","title":{"rendered":"CV &#8211; Mikaela Palmu"},"content":{"rendered":"<p><img fetchpriority=\"high\" decoding=\"async\" class=\"alignleft size-medium wp-image-89\" src=\"http:\/\/www.nauvonkamarimusiikki.fi\/wordpress\/wp-content\/uploads\/2013\/05\/Palmu_pienennetty-201x300.jpg\" alt=\"Mikaela Palmu\" width=\"201\" height=\"300\" srcset=\"https:\/\/www.nauvonkamarimusiikki.fi\/wordpress\/wp-content\/uploads\/2013\/05\/Palmu_pienennetty-201x300.jpg 201w, https:\/\/www.nauvonkamarimusiikki.fi\/wordpress\/wp-content\/uploads\/2013\/05\/Palmu_pienennetty.jpg 267w\" sizes=\"(max-width: 201px) 100vw, 201px\" \/>Mikaela Palmu inledde som tolv\u00e5ring sina studier i violin vid konservatoriet i \u00c5bo under ledning av Tiina Hanhinen och fortsatte vid ungdomsavdelningen vid Sibelius-Akademin. D\u00e4r var f\u00f6rst Jaana Haanter\u00e4 och senare Igor Bezrodnyi samt Erkki Kantola hennes l\u00e4rare. Palmu \u00e4r en aktiv kammarmusiker och verkar som konsertm\u00e4stare vid en m\u00e4ngd olika ensembler. Under \u00e5ren 1994-2008 var hon engagerad vid Finlands nationaloperas orkester, d\u00e4r hon fr\u00e4mst verkade som tredje konsertm\u00e4stare. Vid \u00c5bo filharmoniska orkester verkade hon under \u00e5ren 2008-2014 som f\u00f6rsta st\u00e4mledare f\u00f6r violinisterna och alternerande konsertm\u00e4stare. Nu spelar hon i Radions symfoniorkester. Underh\u00e5llningsmusiken ligger ocks\u00e5 n\u00e4ra Palmus hj\u00e4rta och hon har varit konsertm\u00e4stare f\u00f6r underh\u00e5llningsorkestern i Vanda sedan \u00e5r 2014. Hon \u00e4r d\u00e4rf\u00f6r k\u00e4nd fr\u00e5n m\u00e5nga tv-program och genom sin medverkan i stora underh\u00e5llningsorkestrar.<\/p>\n","protected":false},"excerpt":{"rendered":"<p>Mikaela Palmu inledde som tolv\u00e5ring sina studier i violin vid konservatoriet i \u00c5bo under ledning av Tiina Hanhinen och fortsatte vid ungdomsavdelningen vid Sibelius-Akademin. D\u00e4r var f\u00f6rst Jaana Haanter\u00e4 och senare Igor Bezrodnyi samt Erkki Kantola hennes l\u00e4rare. Palmu \u00e4r en aktiv kammarmusiker och verkar som konsertm\u00e4stare vid en m\u00e4ngd olika ensembler. Under \u00e5ren 1994-2008&hellip; <br \/> <a class=\"read-more\" href=\"https:\/\/www.nauvonkamarimusiikki.fi\/?page_id=142&#038;lang=sv\">Read more<\/a><\/p>\n","protected":false},"author":1,"featured_media":0,"parent":0,"menu_order":0,"comment_status":"closed","ping_status":"open","template":"","meta":{"footnotes":""},"class_list":["post-142","page","type-page","status-publish","hentry"],"_links":{"self":[{"href":"https:\/\/www.nauvonkamarimusiikki.fi\/index.php?rest_route=\/wp\/v2\/pages\/142","targetHints":{"allow":["GET"]}}],"collection":[{"href":"https:\/\/www.nauvonkamarimusiikki.fi\/index.php?rest_route=\/wp\/v2\/pages"}],"about":[{"href":"https:\/\/www.nauvonkamarimusiikki.fi\/index.php?rest_route=\/wp\/v2\/types\/page"}],"author":[{"embeddable":true,"href":"https:\/\/www.nauvonkamarimusiikki.fi\/index.php?rest_route=\/wp\/v2\/users\/1"}],"replies":[{"embeddable":true,"href":"https:\/\/www.nauvonkamarimusiikki.fi\/index.php?rest_route=%2Fwp%2Fv2%2Fcomments&post=142"}],"version-history":[{"count":2,"href":"https:\/\/www.nauvonkamarimusiikki.fi\/index.php?rest_route=\/wp\/v2\/pages\/142\/revisions"}],"predecessor-version":[{"id":1314,"href":"https:\/\/www.nauvonkamarimusiikki.fi\/index.php?rest_route=\/wp\/v2\/pages\/142\/revisions\/1314"}],"wp:attachment":[{"href":"https:\/\/www.nauvonkamarimusiikki.fi\/index.php?rest_route=%2Fwp%2Fv2%2Fmedia&parent=142"}],"curies":[{"name":"wp","href":"https:\/\/api.w.org\/{rel}","templated":true}]}}