{"id":1399,"date":"2018-04-13T07:44:09","date_gmt":"2018-04-13T04:44:09","guid":{"rendered":"http:\/\/www.nauvonkamarimusiikki.fi?page_id=1399"},"modified":"2018-04-17T09:47:29","modified_gmt":"2018-04-17T06:47:29","slug":"cv-kasmir-uusitupa","status":"publish","type":"page","link":"https:\/\/www.nauvonkamarimusiikki.fi\/?page_id=1399&lang=sv","title":{"rendered":"CV &#8211; Kasmir Uusitupa"},"content":{"rendered":"<p><strong>Kasmir Uusitupa<\/strong> (f 1995) inledde sitt fiolspel vid Sibelius-Akademin som 3-\u00e5rig pedioelev. Som 6 \u00e5ring flyttade han \u00f6ver till musikinstitutet i \u00f6stra Helsingfors och avlade som elev till Lauri Untamala grundexamen i violinspel innan han fyllt 11 \u00e5r. Fr\u00e5n \u00e5r 2008 har han studerat violinspel vid Sibelius-Akademin vid professor Kaija Saarikettus violinklass, f\u00f6rst vid <img fetchpriority=\"high\" decoding=\"async\" class=\"alignright size-medium wp-image-1368\" src=\"http:\/\/www.nauvonkamarimusiikki.fi\/wordpress\/wp-content\/uploads\/2018\/04\/Kasmir-Uusitupa-300x200.jpg\" alt=\"\" width=\"300\" height=\"200\" srcset=\"https:\/\/www.nauvonkamarimusiikki.fi\/wordpress\/wp-content\/uploads\/2018\/04\/Kasmir-Uusitupa-300x200.jpg 300w, https:\/\/www.nauvonkamarimusiikki.fi\/wordpress\/wp-content\/uploads\/2018\/04\/Kasmir-Uusitupa-768x512.jpg 768w, https:\/\/www.nauvonkamarimusiikki.fi\/wordpress\/wp-content\/uploads\/2018\/04\/Kasmir-Uusitupa-1024x683.jpg 1024w\" sizes=\"(max-width: 300px) 100vw, 300px\" \/>ungdomsavdelningen och fr\u00e5n h\u00f6sten 2015 vid konstuniversitetet. Fr\u00e5n h\u00f6sten 2016 till v\u00e5ren 2017 var han utbyteselev vid konservatoriet i Paris p\u00e5 Oliver Charliers klass. L\u00e4s\u00e5ret 2017-2018 flyttade han \u00f6ver till Antti Tikkanens violinklass. Uusitupa har regelbundet deltagit i m\u00e4starklasser med bl.a. Hagai Shaham, Serguei Azizian, Aaron Rosand ja Pavel Vernikov som l\u00e4rare.<\/p>\n<p>&nbsp;<\/p>\n<p>Som yngre spelade Kasmir Uusitupa \u00e4ven folkmusik p\u00e5 ett flertal finl\u00e4ndska festivaler och \u00e5ren 2004 och 2005 tilldelades han Martti Pokelas vandringspris till \u201d\u00e5rets unga nyl\u00e4ndska spelman\u201d. \u00c5r 2009 uts\u00e5gs han vid musikfestivalen i Kuresaare i Estland till den fr\u00e4msta upptr\u00e4dande artisten och spelade som solist vid radions symfoniorkesters konsert f\u00f6r unga musiker i Finlandiahuset.<\/p>\n<p>\u00c5ren 2007-2011 upptr\u00e4dde Uusitupa b\u00e5de i Finland och Europa som solist, konsertm\u00e4stare och f\u00f6rste solist i orkestern Helsingfors Juniorstr\u00e5kar med Geza Szilvay som dirigent. Han spelar \u00e4ven i den \u00e5r 2011 grundade kvartetten Borea tillsammans med Tami Pohjola, Riina Piiril\u00e4 och Senja Rummukainen. Borea har framtr\u00e4tt vid de fr\u00e4msta kammarmusikfestivalerna i Finland och valdes \u00e5r 2007 till residenskvartett f\u00f6r kammarmusikfestivalen i Kuhmois .Paavo Pohjola har varit kvartettens l\u00e5ngvariga mentor. Borea har \u00e4ven deltagit i internationella m\u00e4starkurser f\u00f6r bl.a.\u00a0 Gerhard Schulz, Hatto Beyerle, Johannes Meissl samt Danel- och Henschel-kvartetterna.<\/p>\n<p>Kasmir Uusitupa har deltagit i de internationella violint\u00e4vlingarna ben\u00e4mnda efter Louis Spohr, Carl Nielsen och Jean Sibelius. V\u00e5ren 2013 var han en av de fem fr\u00e4msta vid Anja Ignatius violint\u00e4vlingen vid Sibelius -Akademin. V\u00e5ren 2015 bel\u00f6nades han som finalist vid den internationella violint\u00e4vlingen i Kuopio och valdes till solist vid Sibelius-Akademins symfoniorkester.<\/p>\n<p>Kasmir Uusitupa spelar p\u00e5 en \u201dirisk \u201d violin byggd av Antonio Stradivari \u00e5r 1702 och utl\u00e5nad av Pohjola Banks konststiftelse.<\/p>\n","protected":false},"excerpt":{"rendered":"<p>Kasmir Uusitupa (f 1995) inledde sitt fiolspel vid Sibelius-Akademin som 3-\u00e5rig pedioelev. Som 6 \u00e5ring flyttade han \u00f6ver till musikinstitutet i \u00f6stra Helsingfors och avlade som elev till Lauri Untamala grundexamen i violinspel innan han fyllt 11 \u00e5r. Fr\u00e5n \u00e5r 2008 har han studerat violinspel vid Sibelius-Akademin vid professor Kaija Saarikettus violinklass, f\u00f6rst vid ungdomsavdelningen&hellip; <br \/> <a class=\"read-more\" href=\"https:\/\/www.nauvonkamarimusiikki.fi\/?page_id=1399&#038;lang=sv\">Read more<\/a><\/p>\n","protected":false},"author":1,"featured_media":0,"parent":0,"menu_order":0,"comment_status":"closed","ping_status":"closed","template":"","meta":{"footnotes":""},"class_list":["post-1399","page","type-page","status-publish","hentry"],"_links":{"self":[{"href":"https:\/\/www.nauvonkamarimusiikki.fi\/index.php?rest_route=\/wp\/v2\/pages\/1399","targetHints":{"allow":["GET"]}}],"collection":[{"href":"https:\/\/www.nauvonkamarimusiikki.fi\/index.php?rest_route=\/wp\/v2\/pages"}],"about":[{"href":"https:\/\/www.nauvonkamarimusiikki.fi\/index.php?rest_route=\/wp\/v2\/types\/page"}],"author":[{"embeddable":true,"href":"https:\/\/www.nauvonkamarimusiikki.fi\/index.php?rest_route=\/wp\/v2\/users\/1"}],"replies":[{"embeddable":true,"href":"https:\/\/www.nauvonkamarimusiikki.fi\/index.php?rest_route=%2Fwp%2Fv2%2Fcomments&post=1399"}],"version-history":[{"count":2,"href":"https:\/\/www.nauvonkamarimusiikki.fi\/index.php?rest_route=\/wp\/v2\/pages\/1399\/revisions"}],"predecessor-version":[{"id":1441,"href":"https:\/\/www.nauvonkamarimusiikki.fi\/index.php?rest_route=\/wp\/v2\/pages\/1399\/revisions\/1441"}],"wp:attachment":[{"href":"https:\/\/www.nauvonkamarimusiikki.fi\/index.php?rest_route=%2Fwp%2Fv2%2Fmedia&parent=1399"}],"curies":[{"name":"wp","href":"https:\/\/api.w.org\/{rel}","templated":true}]}}