{"id":1394,"date":"2018-04-13T07:43:40","date_gmt":"2018-04-13T04:43:40","guid":{"rendered":"http:\/\/www.nauvonkamarimusiikki.fi?page_id=1394"},"modified":"2019-02-08T18:38:25","modified_gmt":"2019-02-08T16:38:25","slug":"cv-kasmir-uusitupa","status":"publish","type":"page","link":"https:\/\/www.nauvonkamarimusiikki.fi\/?page_id=1394","title":{"rendered":"CV &#8211; Kasmir Uusitupa"},"content":{"rendered":"<p><strong><img fetchpriority=\"high\" decoding=\"async\" class=\"alignright size-medium wp-image-1368\" src=\"http:\/\/www.nauvonkamarimusiikki.fi\/wordpress\/wp-content\/uploads\/2018\/04\/Kasmir-Uusitupa-300x200.jpg\" alt=\"\" width=\"300\" height=\"200\" srcset=\"https:\/\/www.nauvonkamarimusiikki.fi\/wordpress\/wp-content\/uploads\/2018\/04\/Kasmir-Uusitupa-300x200.jpg 300w, https:\/\/www.nauvonkamarimusiikki.fi\/wordpress\/wp-content\/uploads\/2018\/04\/Kasmir-Uusitupa-768x512.jpg 768w, https:\/\/www.nauvonkamarimusiikki.fi\/wordpress\/wp-content\/uploads\/2018\/04\/Kasmir-Uusitupa-1024x683.jpg 1024w\" sizes=\"(max-width: 300px) 100vw, 300px\" \/>Kasmir Uusitupa <\/strong>(s. 1995) aloitti viulunsoiton 3-vuotiaana Sibelius-Akatemiassa pedioppilaana. 6-vuotiaana ha\u0308n siirtyi Ita\u0308-Helsingin Musiikkiopistoon ja suoritti viulunsoiton perustutkinnot Lauri Untamalan oppilaana 11 ika\u0308vuoteen mennessa\u0308.<\/p>\n<p>Vuodesta 2008 alkaen h\u00e4n on opiskellut viulunsoittoa Sibelius-Akatemiassa professori Kaija Saariketun viululuokalla, ensin nuoriso-osastolla, ja syksyst\u00e4 2015 Taideyliopiston puolella. Syksyst\u00e4 2016 kev\u00e4\u00e4seen 2017 \u00a0h\u00e4n oli vaihto-opiskelijana Pariisin konservatoriolla Olivier Charlierin luokalla, ja lukuvuodeksi 2017-2018 h\u00e4n siirtyi Antti Tikkasen viululuokalle. Uusitupa on s\u00e4\u00e4nn\u00f6llisesti osallistunut mestarikursseille, opettajinaan mm. Hagai Shaham, Serguei Azizian, Aaron Rosand ja Pavel Vernikov.<\/p>\n<p>Kasmir Uusitupa on soittanut nuorempana my\u00f6s paljon kansanmusiikkia lukuisilla suomalaisilla festivaaleilla ja vuosina 2004 ja 2005 h\u00e4net palkittiin Martti Pokelan \u201cvuoden nuori uusimaalainen pelimanni\u201d -kiertopalkinnolla. Vuonna 2009 ha\u0308n sai parhaan esiintyja\u0308n palkinnon Kuresaaren musiikkifestvaalilla Virossa ja soitti RSO:n nuorten solistien konsertissa solistina Finlandia-talolla.<\/p>\n<p>Vuosina 2007\u20132011 Uusitupa on esiintynyt solistina, konserttimestarina ja ensiviulistina Geza Szilvayn johtaman Helsingin Juniorijouset -orkesterin kanssa Suomessa ja monilla kiertueilla Euroopassa. H\u00e4n soittaa my\u00f6s vuonna 2011 perustetussa Borea-kvartetissa Tami Pohjolan, Riina Piiril\u00e4n ja Senja Rummukaisen kanssa. Borea on esiintynyt Suomen merkitt\u00e4vimmill\u00e4 kamarimusiikkifestivaaleilla ja heid\u00e4t valittiin Kuhmon Kamarimusiikin residenssikvartetiksi vuonna 2017 Meta4-kvartetin seuraajaksi. Kvartetin pitk\u00e4aikaisen mentorin, Paavo Pohjolan, opetuksen lis\u00e4ksi heit\u00e4 ovat opettaneet kansainv\u00e4lisill\u00e4 mestarikursseilla mm. Gerhard Schulz, Hatto Beyerle, Johannes Meissl sek\u00e4 Danel- ja Henschel-kvartetit.<\/p>\n<p>Kasmir Uusituvalla on kansainv\u00e4list\u00e4 kilpailukokemusta Louis Spohr, Carl Nielsen ja Jean Sibelius -viulukilpailuista. Kev\u00e4\u00e4ll\u00e4 2013 h\u00e4n oli Sibelius-Akatemian Anja Ignatius -viulukilpailussa yksi viidest\u00e4 p\u00e4\u00e4palkitusta, jonka lis\u00e4ksi h\u00e4n sai tunnustuspalkinnon. Kev\u00e4\u00e4ll\u00e4 2015 h\u00e4net palkittiin Kuopion kansallisen viulukilpailun finalistina ja h\u00e4net valittiin Sibelius-Akatemian sinfoniaorkesterin solistiksi.<\/p>\n<p>Kasmir Uusitupa soittaa Pohjola Pankin Taidesa\u0308a\u0308tio\u0308n Antonio Stradivari \u201cIiril\u00e4inen\u201d -viulua vuodelta 1702<\/p>\n","protected":false},"excerpt":{"rendered":"<p>Kasmir Uusitupa (s. 1995) aloitti viulunsoiton 3-vuotiaana Sibelius-Akatemiassa pedioppilaana. 6-vuotiaana ha\u0308n siirtyi Ita\u0308-Helsingin Musiikkiopistoon ja suoritti viulunsoiton perustutkinnot Lauri Untamalan oppilaana 11 ika\u0308vuoteen mennessa\u0308. Vuodesta 2008 alkaen h\u00e4n on opiskellut viulunsoittoa Sibelius-Akatemiassa professori Kaija Saariketun viululuokalla, ensin nuoriso-osastolla, ja syksyst\u00e4 2015 Taideyliopiston puolella. Syksyst\u00e4 2016 kev\u00e4\u00e4seen 2017 \u00a0h\u00e4n oli vaihto-opiskelijana Pariisin konservatoriolla Olivier Charlierin luokalla,&hellip; <br \/> <a class=\"read-more\" href=\"https:\/\/www.nauvonkamarimusiikki.fi\/?page_id=1394\">Read more<\/a><\/p>\n","protected":false},"author":1,"featured_media":0,"parent":0,"menu_order":0,"comment_status":"closed","ping_status":"closed","template":"","meta":{"footnotes":""},"class_list":["post-1394","page","type-page","status-publish","hentry"],"_links":{"self":[{"href":"https:\/\/www.nauvonkamarimusiikki.fi\/index.php?rest_route=\/wp\/v2\/pages\/1394","targetHints":{"allow":["GET"]}}],"collection":[{"href":"https:\/\/www.nauvonkamarimusiikki.fi\/index.php?rest_route=\/wp\/v2\/pages"}],"about":[{"href":"https:\/\/www.nauvonkamarimusiikki.fi\/index.php?rest_route=\/wp\/v2\/types\/page"}],"author":[{"embeddable":true,"href":"https:\/\/www.nauvonkamarimusiikki.fi\/index.php?rest_route=\/wp\/v2\/users\/1"}],"replies":[{"embeddable":true,"href":"https:\/\/www.nauvonkamarimusiikki.fi\/index.php?rest_route=%2Fwp%2Fv2%2Fcomments&post=1394"}],"version-history":[{"count":2,"href":"https:\/\/www.nauvonkamarimusiikki.fi\/index.php?rest_route=\/wp\/v2\/pages\/1394\/revisions"}],"predecessor-version":[{"id":2352,"href":"https:\/\/www.nauvonkamarimusiikki.fi\/index.php?rest_route=\/wp\/v2\/pages\/1394\/revisions\/2352"}],"wp:attachment":[{"href":"https:\/\/www.nauvonkamarimusiikki.fi\/index.php?rest_route=%2Fwp%2Fv2%2Fmedia&parent=1394"}],"curies":[{"name":"wp","href":"https:\/\/api.w.org\/{rel}","templated":true}]}}